{"id":9,"date":"2025-01-22T12:54:46","date_gmt":"2025-01-22T11:54:46","guid":{"rendered":"http:\/\/www.bconstruction-rehab.com\/?page_id=9"},"modified":"2025-02-11T10:33:55","modified_gmt":"2025-02-11T09:33:55","slug":"mentions-legales","status":"publish","type":"page","link":"https:\/\/www.bconstruction-rehab.com\/index.php\/mentions-legales\/","title":{"rendered":"Mentions L\u00e9gales"},"content":{"rendered":"\t\t<div data-elementor-type=\"wp-page\" data-elementor-id=\"9\" class=\"elementor elementor-9\" data-elementor-settings=\"{&quot;ha_cmc_init_switcher&quot;:&quot;no&quot;}\">\n\t\t\t\t<div class=\"elementor-element elementor-element-7ab6eb8 e-flex e-con-boxed e-con e-parent\" data-id=\"7ab6eb8\" data-element_type=\"container\" data-settings=\"{&quot;_ha_eqh_enable&quot;:false}\">\n\t\t\t\t\t<div class=\"e-con-inner\">\n\t\t\t\t<div class=\"elementor-element elementor-element-c019433 elementor-widget elementor-widget-heading\" data-id=\"c019433\" data-element_type=\"widget\" data-widget_type=\"heading.default\">\n\t\t\t\t<div class=\"elementor-widget-container\">\n\t\t\t\t\t<h1 class=\"elementor-heading-title elementor-size-default\">Mention L\u00e9gales<\/h1>\t\t\t\t<\/div>\n\t\t\t\t<\/div>\n\t\t\t\t<div class=\"elementor-element elementor-element-2c4beaa elementor-widget-divider--view-line elementor-widget elementor-widget-divider\" data-id=\"2c4beaa\" data-element_type=\"widget\" data-widget_type=\"divider.default\">\n\t\t\t\t<div class=\"elementor-widget-container\">\n\t\t\t\t\t\t\t<div class=\"elementor-divider\">\n\t\t\t<span class=\"elementor-divider-separator\">\n\t\t\t\t\t\t<\/span>\n\t\t<\/div>\n\t\t\t\t\t\t<\/div>\n\t\t\t\t<\/div>\n\t\t\t\t\t<\/div>\n\t\t\t\t<\/div>\n\t\t<div class=\"elementor-element elementor-element-c715576 e-flex e-con-boxed e-con e-parent\" data-id=\"c715576\" data-element_type=\"container\" data-settings=\"{&quot;_ha_eqh_enable&quot;:false}\">\n\t\t\t\t\t<div class=\"e-con-inner\">\n\t\t\t\t<div class=\"elementor-element elementor-element-aa37c9b elementor-widget elementor-widget-text-editor\" data-id=\"aa37c9b\" data-element_type=\"widget\" data-widget_type=\"text-editor.default\">\n\t\t\t\t<div class=\"elementor-widget-container\">\n\t\t\t\t\t\t\t\t\t<h2>CONFIDENTIALITE<\/h2><p><strong>Building Construction<\/strong> n\u2019enregistre pas d\u2019informations personnelles permettant l\u2019identification, \u00e0 l\u2019exception des formulaires que l\u2019utilisateur est libre de remplir. Ces informations ne seront pas utilis\u00e9es sans votre accord, nous les utiliserons seulement pour vous adresser des courriers, des brochures, des devis ou vous contacter.<br \/>Les informations recueillies sur les sites b\u00e9n\u00e9ficient de la protection de la loi \u201cInformatique et Libert\u00e9s\u201d n\u00b0 78-17 du 06 janvier 1978. Elles b\u00e9n\u00e9ficient d\u2019un droit d\u2019acc\u00e8s, de rectification, d\u2019opposition \u00e0 communication et de suppression sur simple demande \u00e0 Building Construction.<br \/><strong>Building Construction<\/strong> pourra proc\u00e9der \u00e0 des analyses statistiques sans que celles-ci soient nominatives et pourra en informer des tiers (organismes d\u2019\u00e9valuation de fr\u00e9quentation) sous une forme r\u00e9sum\u00e9e et non nominative.<\/p><h2>R\u00c8GLEMENT G\u00c9N\u00c9RAL SUR LA PROTECTION DES DONN\u00c9ES (RGPD)<\/h2><p><strong>Building Construction <\/strong>s\u2019engage \u00e0 ce que la collecte et le traitement de vos donn\u00e9es, effectu\u00e9s \u00e0 partir du site <a href=\"http:\/\/www.bconstruction-rehab.com\/\">http:\/\/www.bconstruction-rehab.com\/<\/a>\u00a0soient conformes au r\u00e8glement g\u00e9n\u00e9ral sur la protection des donn\u00e9es (RGPD). Chaque formulaire ou t\u00e9l\u00e9service limite la collecte des donn\u00e9es personnelles au strict n\u00e9cessaire (minimisation des donn\u00e9es) et indique notamment :<br \/>quels sont les objectifs du recueil de ces donn\u00e9es, si ces donn\u00e9es sont obligatoires ou facultatives pour la gestion de votre demande, qui pourra en prendre connaissance (uniquement <strong>Building Construction<\/strong> en principe, sauf pr\u00e9cision dans le formulaire lorsqu\u2019une transmission \u00e0 un tiers est n\u00e9cessaire \u00e0 la gestion de votre demande),<\/p><p>Les donn\u00e9es personnelles recueillies dans le cadre des services propos\u00e9s sur <span style=\"color: #808080;\"><a style=\"color: #808080;\" href=\"mailto:contact@bconstruction-rehab.com\"><span class=\"elementor-icon-list-text\">contact@bconstruction-rehab.com<\/span><\/a><\/span> sont trait\u00e9es selon des protocoles s\u00e9curis\u00e9s et permettent \u00e0 <strong>Building Construction <\/strong>de g\u00e9rer les demandes re\u00e7ues dans ses applications informatiques.<\/p><p>Pour toute information ou exercice de vos droits Informatique et Libert\u00e9s sur les traitements de donn\u00e9es personnelles g\u00e9r\u00e9s par <strong>Building Construction<\/strong>, vous pouvez contacter <strong>Building Construction <\/strong>et \u00e9ventuellement son d\u00e9l\u00e9gu\u00e9 \u00e0 la protection des donn\u00e9es (DPO), si distingu\u00e9.<\/p><h2>UTILISATION DE COOKIES<\/h2><p>La gestion des commandes n\u00e9cessite l\u2019utilisation de cookies. Des informations non personnelles sont enregistr\u00e9es par ce syst\u00e8me de cookies (fichiers texte utilis\u00e9s pour reconna\u00eetre un utilisateur et ainsi faciliter son utilisation du site). Ceux-ci n\u2019ont aucune signification en dehors de leur utilisation sur le site https:\/\/http:\/\/www.bconstruction-rehab.com\/\/<\/p><h2>LIENS HYPERTEXTE<\/h2><p><strong>Building Construction<\/strong> ne contr\u00f4le pas les sites en connexion avec le sien, et ne saurait donc \u00eatre responsable de leur contenu. Les risques li\u00e9s \u00e0 l\u2019utilisation de ces sites incombent pleinement \u00e0 l\u2019utilisateur. Il se conformera \u00e0 leurs conditions d\u2019utilisation.<\/p><h2>\u00c9DITEUR<\/h2><p><strong>Building Construction<\/strong><\/p><p>61 Avenue d&rsquo;Argenteuil<\/p><p>92600 Asni\u00e8res-sur-Seine<\/p><p>Tel : +33 7 61 13 50 50<\/p><p>R.C.S. Nanterre 935 206 524<\/p><p><strong><u>Agence secondaire Sud <\/u><\/strong><\/p><p>55 Bd des acacias<\/p><p>40000 MONT DE MARSAN<\/p><h2>DIRECTEUR DE LA PUBLICATION<\/h2><p>Site web: <a href=\"https:\/\/webmaster-gironde.fr\/\">https:\/\/webmaster-gironde.fr\/<\/a><\/p><h2>H\u00c9BERGEMENT<\/h2><p>LWS (www.lws.fr \u2013 Ligne Web Services)<\/p><p>S.A.R.L au capital de 500 000 Euros<br \/>10, RUE PENTHIEVRE<br \/>75008 PARIS<br \/>FRANCE<br \/>RCS Paris B 851 993 683 00024 \u2013 APE 6311Z<\/p><p>TVA intra: FR21 851 993 683<br \/>SIRET 85199368300<\/p>\t\t\t\t\t\t\t\t<\/div>\n\t\t\t\t<\/div>\n\t\t\t\t\t<\/div>\n\t\t\t\t<\/div>\n\t\t\t\t<\/div>\n\t\t","protected":false},"excerpt":{"rendered":"<p>Mention L\u00e9gales CONFIDENTIALITE Building Construction n\u2019enregistre pas d\u2019informations personnelles permettant l\u2019identification, \u00e0 l\u2019exception des formulaires que l\u2019utilisateur est libre de remplir. Ces informations ne seront pas utilis\u00e9es sans votre accord, nous les utiliserons seulement pour vous adresser des courriers, des brochures, des devis ou vous contacter.Les informations recueillies sur les sites b\u00e9n\u00e9ficient de la protection&hellip;&nbsp;<a href=\"https:\/\/www.bconstruction-rehab.com\/index.php\/mentions-legales\/\" rel=\"bookmark\">Lire la suite &raquo;<span class=\"screen-reader-text\">Mentions L\u00e9gales<\/span><\/a><\/p>\n","protected":false},"author":1,"featured_media":0,"parent":0,"menu_order":0,"comment_status":"closed","ping_status":"closed","template":"page-templates\/template-pagebuilder-full-width.php","meta":{"neve_meta_sidebar":"","neve_meta_container":"","neve_meta_enable_content_width":"","neve_meta_content_width":0,"neve_meta_title_alignment":"","neve_meta_author_avatar":"","neve_post_elements_order":"","neve_meta_disable_header":"","neve_meta_disable_footer":"","neve_meta_disable_title":"","footnotes":""},"class_list":["post-9","page","type-page","status-publish","hentry"],"yoast_head":"<!-- This site is optimized with the Yoast SEO plugin v24.3 - https:\/\/yoast.com\/wordpress\/plugins\/seo\/ -->\n<title>Mentions L\u00e9gales - Building &amp; Construction<\/title>\n<meta name=\"robots\" content=\"index, follow, max-snippet:-1, max-image-preview:large, max-video-preview:-1\" \/>\n<link rel=\"canonical\" href=\"https:\/\/www.bconstruction-rehab.com\/index.php\/mentions-legales\/\" \/>\n<meta property=\"og:locale\" content=\"fr_FR\" \/>\n<meta property=\"og:type\" content=\"article\" \/>\n<meta property=\"og:title\" content=\"Mentions L\u00e9gales - Building &amp; Construction\" \/>\n<meta property=\"og:description\" content=\"Mention L\u00e9gales CONFIDENTIALITE Building Construction n\u2019enregistre pas d\u2019informations personnelles permettant l\u2019identification, \u00e0 l\u2019exception des formulaires que l\u2019utilisateur est libre de remplir. Ces informations ne seront pas utilis\u00e9es sans votre accord, nous les utiliserons seulement pour vous adresser des courriers, des brochures, des devis ou vous contacter.Les informations recueillies sur les sites b\u00e9n\u00e9ficient de la protection&hellip;&nbsp;Lire la suite &raquo;Mentions L\u00e9gales\" \/>\n<meta property=\"og:url\" content=\"https:\/\/www.bconstruction-rehab.com\/index.php\/mentions-legales\/\" \/>\n<meta property=\"og:site_name\" content=\"Building &amp; Construction\" \/>\n<meta property=\"article:modified_time\" content=\"2025-02-11T09:33:55+00:00\" \/>\n<meta name=\"twitter:card\" content=\"summary_large_image\" \/>\n<meta name=\"twitter:label1\" content=\"Dur\u00e9e de lecture estim\u00e9e\" \/>\n\t<meta name=\"twitter:data1\" content=\"3 minutes\" \/>\n<script type=\"application\/ld+json\" class=\"yoast-schema-graph\">{\"@context\":\"https:\/\/schema.org\",\"@graph\":[{\"@type\":\"WebPage\",\"@id\":\"https:\/\/www.bconstruction-rehab.com\/index.php\/mentions-legales\/\",\"url\":\"https:\/\/www.bconstruction-rehab.com\/index.php\/mentions-legales\/\",\"name\":\"Mentions L\u00e9gales - Building &amp; Construction\",\"isPartOf\":{\"@id\":\"http:\/\/www.bconstruction-rehab.com\/#website\"},\"datePublished\":\"2025-01-22T11:54:46+00:00\",\"dateModified\":\"2025-02-11T09:33:55+00:00\",\"breadcrumb\":{\"@id\":\"https:\/\/www.bconstruction-rehab.com\/index.php\/mentions-legales\/#breadcrumb\"},\"inLanguage\":\"fr-FR\",\"potentialAction\":[{\"@type\":\"ReadAction\",\"target\":[\"https:\/\/www.bconstruction-rehab.com\/index.php\/mentions-legales\/\"]}]},{\"@type\":\"BreadcrumbList\",\"@id\":\"https:\/\/www.bconstruction-rehab.com\/index.php\/mentions-legales\/#breadcrumb\",\"itemListElement\":[{\"@type\":\"ListItem\",\"position\":1,\"name\":\"Accueil\",\"item\":\"https:\/\/www.bconstruction-rehab.com\/\"},{\"@type\":\"ListItem\",\"position\":2,\"name\":\"Mentions L\u00e9gales\"}]},{\"@type\":\"WebSite\",\"@id\":\"http:\/\/www.bconstruction-rehab.com\/#website\",\"url\":\"http:\/\/www.bconstruction-rehab.com\/\",\"name\":\"Building &amp; Construction\",\"description\":\"\",\"potentialAction\":[{\"@type\":\"SearchAction\",\"target\":{\"@type\":\"EntryPoint\",\"urlTemplate\":\"http:\/\/www.bconstruction-rehab.com\/?s={search_term_string}\"},\"query-input\":{\"@type\":\"PropertyValueSpecification\",\"valueRequired\":true,\"valueName\":\"search_term_string\"}}],\"inLanguage\":\"fr-FR\"}]}<\/script>\n<!-- \/ Yoast SEO plugin. -->","yoast_head_json":{"title":"Mentions L\u00e9gales - Building &amp; Construction","robots":{"index":"index","follow":"follow","max-snippet":"max-snippet:-1","max-image-preview":"max-image-preview:large","max-video-preview":"max-video-preview:-1"},"canonical":"https:\/\/www.bconstruction-rehab.com\/index.php\/mentions-legales\/","og_locale":"fr_FR","og_type":"article","og_title":"Mentions L\u00e9gales - Building &amp; Construction","og_description":"Mention L\u00e9gales CONFIDENTIALITE Building Construction n\u2019enregistre pas d\u2019informations personnelles permettant l\u2019identification, \u00e0 l\u2019exception des formulaires que l\u2019utilisateur est libre de remplir. Ces informations ne seront pas utilis\u00e9es sans votre accord, nous les utiliserons seulement pour vous adresser des courriers, des brochures, des devis ou vous contacter.Les informations recueillies sur les sites b\u00e9n\u00e9ficient de la protection&hellip;&nbsp;Lire la suite &raquo;Mentions L\u00e9gales","og_url":"https:\/\/www.bconstruction-rehab.com\/index.php\/mentions-legales\/","og_site_name":"Building &amp; Construction","article_modified_time":"2025-02-11T09:33:55+00:00","twitter_card":"summary_large_image","twitter_misc":{"Dur\u00e9e de lecture estim\u00e9e":"3 minutes"},"schema":{"@context":"https:\/\/schema.org","@graph":[{"@type":"WebPage","@id":"https:\/\/www.bconstruction-rehab.com\/index.php\/mentions-legales\/","url":"https:\/\/www.bconstruction-rehab.com\/index.php\/mentions-legales\/","name":"Mentions L\u00e9gales - Building &amp; Construction","isPartOf":{"@id":"http:\/\/www.bconstruction-rehab.com\/#website"},"datePublished":"2025-01-22T11:54:46+00:00","dateModified":"2025-02-11T09:33:55+00:00","breadcrumb":{"@id":"https:\/\/www.bconstruction-rehab.com\/index.php\/mentions-legales\/#breadcrumb"},"inLanguage":"fr-FR","potentialAction":[{"@type":"ReadAction","target":["https:\/\/www.bconstruction-rehab.com\/index.php\/mentions-legales\/"]}]},{"@type":"BreadcrumbList","@id":"https:\/\/www.bconstruction-rehab.com\/index.php\/mentions-legales\/#breadcrumb","itemListElement":[{"@type":"ListItem","position":1,"name":"Accueil","item":"https:\/\/www.bconstruction-rehab.com\/"},{"@type":"ListItem","position":2,"name":"Mentions L\u00e9gales"}]},{"@type":"WebSite","@id":"http:\/\/www.bconstruction-rehab.com\/#website","url":"http:\/\/www.bconstruction-rehab.com\/","name":"Building &amp; Construction","description":"","potentialAction":[{"@type":"SearchAction","target":{"@type":"EntryPoint","urlTemplate":"http:\/\/www.bconstruction-rehab.com\/?s={search_term_string}"},"query-input":{"@type":"PropertyValueSpecification","valueRequired":true,"valueName":"search_term_string"}}],"inLanguage":"fr-FR"}]}},"_links":{"self":[{"href":"https:\/\/www.bconstruction-rehab.com\/index.php\/wp-json\/wp\/v2\/pages\/9","targetHints":{"allow":["GET"]}}],"collection":[{"href":"https:\/\/www.bconstruction-rehab.com\/index.php\/wp-json\/wp\/v2\/pages"}],"about":[{"href":"https:\/\/www.bconstruction-rehab.com\/index.php\/wp-json\/wp\/v2\/types\/page"}],"author":[{"embeddable":true,"href":"https:\/\/www.bconstruction-rehab.com\/index.php\/wp-json\/wp\/v2\/users\/1"}],"replies":[{"embeddable":true,"href":"https:\/\/www.bconstruction-rehab.com\/index.php\/wp-json\/wp\/v2\/comments?post=9"}],"version-history":[{"count":19,"href":"https:\/\/www.bconstruction-rehab.com\/index.php\/wp-json\/wp\/v2\/pages\/9\/revisions"}],"predecessor-version":[{"id":291,"href":"https:\/\/www.bconstruction-rehab.com\/index.php\/wp-json\/wp\/v2\/pages\/9\/revisions\/291"}],"wp:attachment":[{"href":"https:\/\/www.bconstruction-rehab.com\/index.php\/wp-json\/wp\/v2\/media?parent=9"}],"curies":[{"name":"wp","href":"https:\/\/api.w.org\/{rel}","templated":true}]}}